{"id":7,"date":"2024-08-12T04:19:10","date_gmt":"2024-08-12T04:19:10","guid":{"rendered":"https:\/\/workhub.co.ao\/?page_id=7"},"modified":"2025-04-24T18:45:21","modified_gmt":"2025-04-24T17:45:21","slug":"sobre-nos","status":"publish","type":"page","link":"https:\/\/workhub.co.ao\/en\/sobre-nos\/","title":{"rendered":"About Us"},"content":{"rendered":"<div data-elementor-type=\"wp-page\" data-elementor-id=\"7\" class=\"elementor elementor-7\" data-elementor-post-type=\"page\">\n\t\t\t\t<div class=\"elementor-element elementor-element-0743a21 e-flex e-con-boxed e-con e-parent\" data-id=\"0743a21\" data-element_type=\"container\" data-settings=\"{&quot;wcf_enable_cursor_hover_effect_text&quot;:&quot;View&quot;,&quot;wcf-animation&quot;:&quot;none&quot;}\">\n\t\t\t\t\t<div class=\"e-con-inner\">\n\t\t<div class=\"elementor-element elementor-element-dbc2b7e e-con-full e-flex e-con e-child\" data-id=\"dbc2b7e\" data-element_type=\"container\" data-settings=\"{&quot;wcf_enable_cursor_hover_effect_text&quot;:&quot;View&quot;,&quot;wcf-animation&quot;:&quot;none&quot;}\">\n\t\t\t\t<div class=\"elementor-element elementor-element-c55e245 wcf-t-animation-text_reveal elementor-widget elementor-widget-wcf--title\" data-id=\"c55e245\" data-element_type=\"widget\" data-settings=\"{&quot;wcf_text_animation&quot;:&quot;text_reveal&quot;,&quot;text_delay&quot;:0.15,&quot;text_duration&quot;:1,&quot;text_stagger&quot;:0.02,&quot;wcf-animation&quot;:&quot;none&quot;}\" data-widget_type=\"wcf--title.default\">\n\t\t\t\t<div class=\"elementor-widget-container\">\n\t\t\t\t\t<h2 class=\"wcf--title\">Who We Are<\/h2>\t\t\t\t<\/div>\n\t\t\t\t<\/div>\n\t\t\t\t<div class=\"elementor-element elementor-element-b550557 elementor-widget__width-initial wcf-t-animation-none elementor-widget elementor-widget-wcf--text\" data-id=\"b550557\" data-element_type=\"widget\" data-settings=\"{&quot;wcf-animation&quot;:&quot;fade&quot;,&quot;wcf_text_animation&quot;:&quot;none&quot;,&quot;delay&quot;:0.15,&quot;on-scroll&quot;:1,&quot;fade-from&quot;:&quot;bottom&quot;,&quot;data-duration&quot;:1.5,&quot;ease&quot;:&quot;power2.out&quot;,&quot;fade-offset&quot;:50}\" data-widget_type=\"wcf--text.default\">\n\t\t\t\t<div class=\"elementor-widget-container\">\n\t\t\t\t\t<div class=\"wcf--text\">Workhub combines style and function to create vibrant, dynamic workspaces that your clients will love and your team can\u2019t wait to use. Our versatile, dynamic environment is perfect for businesses and freelancers alike.<\/div>\t\t\t\t<\/div>\n\t\t\t\t<\/div>\n\t\t\t\t<\/div>\n\t\t\t\t\t<\/div>\n\t\t\t\t<\/div>\n\t\t<div class=\"elementor-element elementor-element-bbeaac0 e-flex e-con-boxed e-con e-parent\" data-id=\"bbeaac0\" data-element_type=\"container\" data-settings=\"{&quot;wcf_enable_cursor_hover_effect_text&quot;:&quot;View&quot;,&quot;wcf-animation&quot;:&quot;none&quot;}\">\n\t\t\t\t\t<div class=\"e-con-inner\">\n\t\t<div class=\"elementor-element elementor-element-3bc8570 e-con-full e-flex e-con e-child\" data-id=\"3bc8570\" data-element_type=\"container\" data-settings=\"{&quot;background_background&quot;:&quot;classic&quot;,&quot;wcf_enable_cursor_hover_effect_text&quot;:&quot;View&quot;,&quot;wcf-animation&quot;:&quot;none&quot;}\">\n\t\t<div class=\"elementor-element elementor-element-d15e7d2 e-con-full e-flex e-con e-child\" data-id=\"d15e7d2\" data-element_type=\"container\" data-settings=\"{&quot;wcf_enable_cursor_hover_effect_text&quot;:&quot;View&quot;,&quot;wcf-animation&quot;:&quot;none&quot;}\">\n\t\t<div class=\"elementor-element elementor-element-4f55354 e-con-full e-flex e-con e-child\" data-id=\"4f55354\" data-element_type=\"container\" data-settings=\"{&quot;wcf_enable_cursor_hover_effect_text&quot;:&quot;View&quot;,&quot;wcf-animation&quot;:&quot;fade&quot;,&quot;data-duration&quot;:0.75,&quot;fade-offset&quot;:40,&quot;delay&quot;:0.15,&quot;on-scroll&quot;:1,&quot;fade-from&quot;:&quot;bottom&quot;,&quot;ease&quot;:&quot;power2.out&quot;}\">\n\t\t\t\t<div class=\"elementor-element elementor-element-0316833 elementor-widget-tablet__width-initial elementor-widget-mobile__width-inherit wcf--image-effect-zoom-in elementor-widget elementor-widget-wcf--image-box\" data-id=\"0316833\" data-element_type=\"widget\" data-settings=\"{&quot;wcf-image-animation&quot;:&quot;none&quot;,&quot;wcf-animation&quot;:&quot;none&quot;}\" data-widget_type=\"wcf--image-box.default\">\n\t\t\t\t<div class=\"elementor-widget-container\">\n\t\t\t\t\t\r\n\t\t<div class=\"wcf--image-box style-1\">\r\n\t\t\t<div class=\"thumb\">\r\n\t\t\t\t\t\t\t<\/div>\r\n\t\t\t<div class=\"content\">\r\n\t\t\t\t<div class=\"wrap\">\r\n\t\t\t\t\t\r\n\t\t\t\t\t\r\n\t\t\t\t\t\t\t\t\t\t\t<div class=\"title-wrap\">\r\n\t\t\t\t\t\t\t\r\n\t\t\t\t\t\t\t<h4 class=\"title\">\r\n\t\t\t\t\t\t\t\tWhat <br><span>We do<\/span>\t\t\t\t\t\t\t<\/h4>\r\n\t\t\t\t\t\t<\/div>\r\n\t\t\t\t\t\r\n\t\t\t\t\t\t\t\t\t\t\t<div class=\"description\">WorkHub offers you shared and private offices, according to your needs, with the possibility of establishing profitable partnerships for your company. <\/div>\r\n\t\t\t\t\t\r\n\t\t\t\t\t\t\t\t\t<\/div>\r\n\t\t\t<\/div>\r\n\t\t<\/div>\r\n\t\t\t\t\t\t<\/div>\n\t\t\t\t<\/div>\n\t\t\t\t<\/div>\n\t\t<div class=\"elementor-element elementor-element-6c3cba4 e-con-full e-flex e-con e-child\" data-id=\"6c3cba4\" data-element_type=\"container\" data-settings=\"{&quot;wcf_enable_cursor_hover_effect_text&quot;:&quot;View&quot;,&quot;wcf-animation&quot;:&quot;fade&quot;,&quot;delay&quot;:0.3,&quot;data-duration&quot;:0.75,&quot;fade-offset&quot;:40,&quot;on-scroll&quot;:1,&quot;fade-from&quot;:&quot;bottom&quot;,&quot;ease&quot;:&quot;power2.out&quot;}\">\n\t\t\t\t<div class=\"elementor-element elementor-element-044fcad elementor-widget-tablet__width-initial elementor-widget-mobile__width-inherit wcf--image-effect-zoom-in elementor-widget elementor-widget-wcf--image-box\" data-id=\"044fcad\" data-element_type=\"widget\" data-settings=\"{&quot;wcf-image-animation&quot;:&quot;none&quot;,&quot;wcf-animation&quot;:&quot;none&quot;}\" data-widget_type=\"wcf--image-box.default\">\n\t\t\t\t<div class=\"elementor-widget-container\">\n\t\t\t\t\t\r\n\t\t<div class=\"wcf--image-box style-1\">\r\n\t\t\t<div class=\"thumb\">\r\n\t\t\t\t\t\t\t<\/div>\r\n\t\t\t<div class=\"content\">\r\n\t\t\t\t<div class=\"wrap\">\r\n\t\t\t\t\t\r\n\t\t\t\t\t\r\n\t\t\t\t\t\t\t\t\t\t\t<div class=\"title-wrap\">\r\n\t\t\t\t\t\t\t\r\n\t\t\t\t\t\t\t<h4 class=\"title\">\r\n\t\t\t\t\t\t\t\tObjective\t\t\t\t\t\t\t<\/h4>\r\n\t\t\t\t\t\t<\/div>\r\n\t\t\t\t\t\r\n\t\t\t\t\t\t\t\t\t\t\t<div class=\"description\">Our mission is to become the leading premium co-working space in the Luanda market and we are focused on building a sustainable brand in the long term.<\/div>\r\n\t\t\t\t\t\r\n\t\t\t\t\t\t\t\t\t<\/div>\r\n\t\t\t<\/div>\r\n\t\t<\/div>\r\n\t\t\t\t\t\t<\/div>\n\t\t\t\t<\/div>\n\t\t\t\t<\/div>\n\t\t<div class=\"elementor-element elementor-element-5bf6b86 e-con-full e-flex e-con e-child\" data-id=\"5bf6b86\" data-element_type=\"container\" data-settings=\"{&quot;wcf_enable_cursor_hover_effect_text&quot;:&quot;View&quot;,&quot;wcf-animation&quot;:&quot;fade&quot;,&quot;delay&quot;:0.45,&quot;data-duration&quot;:0.75,&quot;fade-offset&quot;:40,&quot;on-scroll&quot;:1,&quot;fade-from&quot;:&quot;bottom&quot;,&quot;ease&quot;:&quot;power2.out&quot;}\">\n\t\t\t\t<div class=\"elementor-element elementor-element-63a8ac7 elementor-widget-tablet__width-initial elementor-widget-mobile__width-inherit wcf--image-effect-zoom-in elementor-widget elementor-widget-wcf--image-box\" data-id=\"63a8ac7\" data-element_type=\"widget\" data-settings=\"{&quot;wcf-image-animation&quot;:&quot;none&quot;,&quot;wcf-animation&quot;:&quot;none&quot;}\" data-widget_type=\"wcf--image-box.default\">\n\t\t\t\t<div class=\"elementor-widget-container\">\n\t\t\t\t\t\r\n\t\t<div class=\"wcf--image-box style-1\">\r\n\t\t\t<div class=\"thumb\">\r\n\t\t\t\t\t\t\t<\/div>\r\n\t\t\t<div class=\"content\">\r\n\t\t\t\t<div class=\"wrap\">\r\n\t\t\t\t\t\r\n\t\t\t\t\t\r\n\t\t\t\t\t\t\t\t\t\t\t<div class=\"title-wrap\">\r\n\t\t\t\t\t\t\t\r\n\t\t\t\t\t\t\t<h4 class=\"title\">\r\n\t\t\t\t\t\t\t\tWhy the <br><span>Workhub?<\/span>\t\t\t\t\t\t\t<\/h4>\r\n\t\t\t\t\t\t<\/div>\r\n\t\t\t\t\t\r\n\t\t\t\t\t\t\t\t\t\t\t<div class=\"description\">WorkHub is a social and dynamic space that enhances collaboration, innovation and progress for your company.<\/div>\r\n\t\t\t\t\t\r\n\t\t\t\t\t\t\t\t\t<\/div>\r\n\t\t\t<\/div>\r\n\t\t<\/div>\r\n\t\t\t\t\t\t<\/div>\n\t\t\t\t<\/div>\n\t\t\t\t<\/div>\n\t\t<div class=\"elementor-element elementor-element-16641a5 e-con-full e-flex e-con e-child\" data-id=\"16641a5\" data-element_type=\"container\" data-settings=\"{&quot;wcf_enable_cursor_hover_effect_text&quot;:&quot;View&quot;,&quot;wcf-animation&quot;:&quot;fade&quot;,&quot;delay&quot;:0.6,&quot;data-duration&quot;:0.75,&quot;fade-offset&quot;:40,&quot;on-scroll&quot;:1,&quot;fade-from&quot;:&quot;bottom&quot;,&quot;ease&quot;:&quot;power2.out&quot;}\">\n\t\t\t\t<div class=\"elementor-element elementor-element-f95a9d1 elementor-widget__width-initial elementor-widget elementor-widget-wcf--icon-box\" data-id=\"f95a9d1\" data-element_type=\"widget\" data-settings=\"{&quot;wcf-animation&quot;:&quot;none&quot;}\" data-widget_type=\"wcf--icon-box.default\">\n\t\t\t\t<div class=\"elementor-widget-container\">\n\t\t\t\t\t\t\t<div class=\"wcf__iconbox style-\" >\r\n\r\n\t\t\r\n\t\t<div class=\"elementor-icon icon\">\r\n\t\t\t\t\t<\/div>\r\n\r\n\t\t\t\t\t<h3 class=\"title\">\r\n\t\t\tYour<span> New Space<\/span> of Co-working\t\t\t<\/h3>\r\n\t\t\r\n\t\t\r\n\t\t                <div class=\"wcf__btn icon-position-after\">\r\n\t\t\t                <a href=\"https:\/\/workhub.co.ao\/en\/planos-e-subscricoes\/\" class=\"wcf-btn-underline\">\r\n\t\t\t\t\t\t\t\t\t\tView Plans                <\/a>\r\n\t\t\t\t        <\/div>\r\n\t\t\t\t\r\n\t\t<\/div>\r\n\t\t\t\t\t\t<\/div>\n\t\t\t\t<\/div>\n\t\t\t\t<\/div>\n\t\t\t\t<\/div>\n\t\t\t\t<\/div>\n\t\t\t\t\t<\/div>\n\t\t\t\t<\/div>\n\t\t<div class=\"elementor-element elementor-element-eb0c6ce e-flex e-con-boxed e-con e-parent\" data-id=\"eb0c6ce\" data-element_type=\"container\" data-settings=\"{&quot;wcf_enable_cursor_hover_effect_text&quot;:&quot;View&quot;,&quot;wcf-animation&quot;:&quot;none&quot;}\">\n\t\t\t\t\t<div class=\"e-con-inner\">\n\t\t<div class=\"elementor-element elementor-element-2a0dd84 e-con-full e-flex e-con e-child\" data-id=\"2a0dd84\" data-element_type=\"container\" data-settings=\"{&quot;wcf_enable_cursor_hover_effect_text&quot;:&quot;View&quot;,&quot;wcf_enable_pin_area&quot;:&quot;yes&quot;,&quot;wcf_custom_pin_area&quot;:&quot;.pin_area&quot;,&quot;wcf_pin_area_end&quot;:&quot;bottom center&quot;,&quot;wcf-animation&quot;:&quot;none&quot;,&quot;wcf_pin_area_start&quot;:&quot;top top&quot;,&quot;wcf_pin_breakpoint&quot;:&quot;mobile&quot;}\">\n\t\t\t\t<div class=\"elementor-element elementor-element-171487a elementor-widget__width-initial elementor-widget-mobile_extra__width-inherit wcf-t-animation-none elementor-widget elementor-widget-wcf--title\" data-id=\"171487a\" data-element_type=\"widget\" data-settings=\"{&quot;wcf-animation&quot;:&quot;fade&quot;,&quot;on-scroll&quot;:&quot;1&quot;,&quot;data-duration&quot;:0.75,&quot;fade-offset&quot;:40,&quot;wcf_text_animation&quot;:&quot;none&quot;,&quot;delay&quot;:0.15,&quot;fade-from&quot;:&quot;bottom&quot;,&quot;ease&quot;:&quot;power2.out&quot;}\" data-widget_type=\"wcf--title.default\">\n\t\t\t\t<div class=\"elementor-widget-container\">\n\t\t\t\t\t<h2 class=\"wcf--title\">Latest Insights<\/h2>\t\t\t\t<\/div>\n\t\t\t\t<\/div>\n\t\t\t\t<div class=\"elementor-element elementor-element-59ae9ec elementor-widget__width-initial elementor-widget-mobile_extra__width-inherit wcf-t-animation-none elementor-widget elementor-widget-wcf--text\" data-id=\"59ae9ec\" data-element_type=\"widget\" data-settings=\"{&quot;wcf-animation&quot;:&quot;fade&quot;,&quot;data-duration&quot;:0.75,&quot;fade-offset&quot;:40,&quot;wcf_text_animation&quot;:&quot;none&quot;,&quot;delay&quot;:0.15,&quot;on-scroll&quot;:1,&quot;fade-from&quot;:&quot;bottom&quot;,&quot;ease&quot;:&quot;power2.out&quot;}\" data-widget_type=\"wcf--text.default\">\n\t\t\t\t<div class=\"elementor-widget-container\">\n\t\t\t\t\t<div class=\"wcf--text\"><p>The main trends and innovations in the co-working world to boost your business.<\/p><\/div>\t\t\t\t<\/div>\n\t\t\t\t<\/div>\n\t\t\t\t<\/div>\n\t\t<div class=\"elementor-element elementor-element-60eaea5 e-con-full pin_area e-flex e-con e-child\" data-id=\"60eaea5\" data-element_type=\"container\" data-settings=\"{&quot;wcf_enable_cursor_hover_effect_text&quot;:&quot;View&quot;,&quot;wcf-animation&quot;:&quot;none&quot;}\">\n\t\t\t\t<div class=\"elementor-element elementor-element-9f9df54 elementor-widget elementor-widget-arolax--posts\" data-id=\"9f9df54\" data-element_type=\"widget\" data-settings=\"{&quot;wcf-animation&quot;:&quot;fade&quot;,&quot;data-duration&quot;:0.75,&quot;fade-offset&quot;:40,&quot;delay&quot;:0.15,&quot;on-scroll&quot;:1,&quot;fade-from&quot;:&quot;bottom&quot;,&quot;ease&quot;:&quot;power2.out&quot;}\" data-widget_type=\"arolax--posts.default\">\n\t\t\t\t<div class=\"elementor-widget-container\">\n\t\t\t\t\t        <div class=\"arolax--post post-style-1\">\r\n\t\t\t        <article class=\"item post-6126 post type-post status-publish format-standard has-post-thumbnail hentry category-artigo\">\r\n\t\t\t                <div class=\"thumb\">\r\n\t\t\t\t\t                        <a href=\"https:\/\/workhub.co.ao\/en\/como-reduzir-custos-empresariais-com-co-working\/\"><img decoding=\"async\"\r\n                                    src=\"https:\/\/workhub.co.ao\/wp-content\/uploads\/2024\/06\/iStock-1144585606-1200x780.jpg\"\r\n                                    alt=\"Como Reduzir Custos Empresariais Com Co-working\"><\/a>\r\n\t\t\t\t\t                <\/div>\r\n\t\t\t\t\r\n            <div class=\"wrapper\">\r\n                <div class=\"number\">01<\/div>\r\n                <div class=\"content\">\r\n\t\t\t\t\t\t\t\t\t\t\r\n\t\t\t\t\t                        <h2 class=\"title\"><a href=\"https:\/\/workhub.co.ao\/en\/como-reduzir-custos-empresariais-com-co-working\/\">How to Reduce Business Costs with Co-working<\/a><\/h2>\r\n\t\t\t\t\t\t                <\/div>\r\n\t\t\t\t                    <div class=\"link-wrap\">\r\n                        <a href=\"https:\/\/workhub.co.ao\/en\/como-reduzir-custos-empresariais-com-co-working\/\" class=\"link\" aria-label=\"How to Reduce Business Costs with Co-working\">\r\n\t\t\t\t\t\t\t<i aria-hidden=\"true\" class=\"arolax-theme arolax-wcf-icon icon-wcf-arrow-up-right2\"><\/i>                        <\/a>\r\n                    <\/div>\r\n\t\t\t\t\t            <\/div>\r\n        <\/article>\r\n\t\t        <article class=\"item post-2008 post type-post status-publish format-standard has-post-thumbnail hentry category-artigo\">\r\n\t\t\t                <div class=\"thumb\">\r\n\t\t\t\t\t                        <a href=\"https:\/\/workhub.co.ao\/en\/co-working-para-grandes-empresas-conheca-os-beneficios\/\"><img decoding=\"async\"\r\n                                    src=\"https:\/\/workhub.co.ao\/wp-content\/uploads\/2024\/06\/BlogFeature.webp\"\r\n                                    alt=\"Co-working para Empresas: Conhe\u00e7a os Benef\u00edcios\"><\/a>\r\n\t\t\t\t\t                <\/div>\r\n\t\t\t\t\r\n            <div class=\"wrapper\">\r\n                <div class=\"number\">02<\/div>\r\n                <div class=\"content\">\r\n\t\t\t\t\t\t\t\t\t\t\r\n\t\t\t\t\t                        <h2 class=\"title\"><a href=\"https:\/\/workhub.co.ao\/en\/co-working-para-grandes-empresas-conheca-os-beneficios\/\">Co-working for Companies: Discover the Benefits<\/a><\/h2>\r\n\t\t\t\t\t\t                <\/div>\r\n\t\t\t\t                    <div class=\"link-wrap\">\r\n                        <a href=\"https:\/\/workhub.co.ao\/en\/co-working-para-grandes-empresas-conheca-os-beneficios\/\" class=\"link\" aria-label=\"Co-working for Companies: Discover the Benefits\">\r\n\t\t\t\t\t\t\t<i aria-hidden=\"true\" class=\"arolax-theme arolax-wcf-icon icon-wcf-arrow-up-right2\"><\/i>                        <\/a>\r\n                    <\/div>\r\n\t\t\t\t\t            <\/div>\r\n        <\/article>\r\n\t\t        <\/div>\r\n\t\t\t\t\t\t<\/div>\n\t\t\t\t<\/div>\n\t\t\t\t<\/div>\n\t\t\t\t\t<\/div>\n\t\t\t\t<\/div>\n\t\t\t\t<\/div>","protected":false},"excerpt":{"rendered":"<p>Quem Somos O Workhub combina estilo e fun\u00e7\u00e3o para criar espa\u00e7os de trabalho vibrantes e din\u00e2micos que seus clientes v\u00e3o adorar e sua equipe mal pode esperar por usar. O nosso ambiente vers\u00e1til e din\u00e2mico \u00e9 perfeito para empresas e profissionais liberais. O que Fazemos O WorkHub oferece-lhe escrit\u00f3rios compartilhados e privados, consoante a sua [&hellip;]<\/p>","protected":false},"author":1,"featured_media":0,"parent":0,"menu_order":0,"comment_status":"closed","ping_status":"closed","template":"elementor_header_footer","meta":{"footnotes":""},"class_list":["post-7","page","type-page","status-publish","hentry"],"_links":{"self":[{"href":"https:\/\/workhub.co.ao\/en\/wp-json\/wp\/v2\/pages\/7","targetHints":{"allow":["GET"]}}],"collection":[{"href":"https:\/\/workhub.co.ao\/en\/wp-json\/wp\/v2\/pages"}],"about":[{"href":"https:\/\/workhub.co.ao\/en\/wp-json\/wp\/v2\/types\/page"}],"author":[{"embeddable":true,"href":"https:\/\/workhub.co.ao\/en\/wp-json\/wp\/v2\/users\/1"}],"replies":[{"embeddable":true,"href":"https:\/\/workhub.co.ao\/en\/wp-json\/wp\/v2\/comments?post=7"}],"version-history":[{"count":89,"href":"https:\/\/workhub.co.ao\/en\/wp-json\/wp\/v2\/pages\/7\/revisions"}],"predecessor-version":[{"id":16855,"href":"https:\/\/workhub.co.ao\/en\/wp-json\/wp\/v2\/pages\/7\/revisions\/16855"}],"wp:attachment":[{"href":"https:\/\/workhub.co.ao\/en\/wp-json\/wp\/v2\/media?parent=7"}],"curies":[{"name":"wp","href":"https:\/\/api.w.org\/{rel}","templated":true}]}}