{"id":5128,"date":"2024-04-22T11:59:46","date_gmt":"2024-04-22T11:59:46","guid":{"rendered":"https:\/\/crowdytheme.com\/wp\/binox\/inner-pages\/?page_id=5128"},"modified":"2025-04-26T14:21:18","modified_gmt":"2025-04-26T13:21:18","slug":"galeria","status":"publish","type":"page","link":"https:\/\/workhub.co.ao\/en\/galeria\/","title":{"rendered":"Gallery"},"content":{"rendered":"<div data-elementor-type=\"wp-page\" data-elementor-id=\"5128\" class=\"elementor elementor-5128\" data-elementor-post-type=\"page\">\n\t\t\t\t<div class=\"elementor-element elementor-element-29c223a e-flex e-con-boxed e-con e-parent\" data-id=\"29c223a\" data-element_type=\"container\" data-settings=\"{&quot;wcf_enable_cursor_hover_effect_text&quot;:&quot;View&quot;,&quot;wcf-animation&quot;:&quot;none&quot;}\">\n\t\t\t\t\t<div class=\"e-con-inner\">\n\t\t<div class=\"elementor-element elementor-element-f03c592 e-con-full e-flex e-con e-child\" data-id=\"f03c592\" data-element_type=\"container\" data-settings=\"{&quot;wcf_enable_cursor_hover_effect_text&quot;:&quot;View&quot;,&quot;wcf-animation&quot;:&quot;none&quot;}\">\n\t\t\t\t<div class=\"elementor-element elementor-element-1e82ff8 wcf-t-animation-none elementor-widget elementor-widget-wcf--title\" data-id=\"1e82ff8\" data-element_type=\"widget\" data-settings=\"{&quot;wcf-animation&quot;:&quot;fade&quot;,&quot;data-duration&quot;:0.75,&quot;fade-offset&quot;:40,&quot;wcf_text_animation&quot;:&quot;none&quot;,&quot;delay&quot;:0.15,&quot;fade-from&quot;:&quot;bottom&quot;,&quot;ease&quot;:&quot;power2.out&quot;}\" data-widget_type=\"wcf--title.default\">\n\t\t\t\t<div class=\"elementor-widget-container\">\n\t\t\t\t\t<h2 class=\"wcf--title\">Workhub<\/h2>\t\t\t\t<\/div>\n\t\t\t\t<\/div>\n\t\t\t\t<\/div>\n\t\t<div class=\"elementor-element elementor-element-1b387be e-con-full e-flex e-con e-child\" data-id=\"1b387be\" data-element_type=\"container\" data-settings=\"{&quot;wcf_enable_cursor_hover_effect_text&quot;:&quot;View&quot;,&quot;wcf-animation&quot;:&quot;none&quot;}\">\n\t\t\t\t<div class=\"elementor-element elementor-element-c4df658 elementor-widget__width-initial wcf-t-animation-none elementor-widget elementor-widget-wcf--title\" data-id=\"c4df658\" data-element_type=\"widget\" data-settings=\"{&quot;wcf-animation&quot;:&quot;fade&quot;,&quot;delay&quot;:0.25,&quot;data-duration&quot;:0.75,&quot;fade-offset&quot;:40,&quot;wcf_text_animation&quot;:&quot;none&quot;,&quot;fade-from&quot;:&quot;bottom&quot;,&quot;ease&quot;:&quot;power2.out&quot;}\" data-widget_type=\"wcf--title.default\">\n\t\t\t\t<div class=\"elementor-widget-container\">\n\t\t\t\t\t<h2 class=\"wcf--title\">Gallery<\/h2>\t\t\t\t<\/div>\n\t\t\t\t<\/div>\n\t\t\t\t<\/div>\n\t\t<div class=\"elementor-element elementor-element-acbebee e-con-full e-flex e-con e-child\" data-id=\"acbebee\" data-element_type=\"container\" data-settings=\"{&quot;wcf_enable_cursor_hover_effect_text&quot;:&quot;View&quot;,&quot;wcf-animation&quot;:&quot;none&quot;}\">\n\t\t\t\t<div class=\"elementor-element elementor-element-f577cb3 wcf-t-animation-none elementor-widget elementor-widget-wcf--text\" data-id=\"f577cb3\" data-element_type=\"widget\" data-settings=\"{&quot;wcf-animation&quot;:&quot;fade&quot;,&quot;delay&quot;:0.35,&quot;data-duration&quot;:0.75,&quot;fade-offset&quot;:40,&quot;wcf_text_animation&quot;:&quot;none&quot;,&quot;fade-from&quot;:&quot;bottom&quot;,&quot;ease&quot;:&quot;power2.out&quot;}\" data-widget_type=\"wcf--text.default\">\n\t\t\t\t<div class=\"elementor-widget-container\">\n\t\t\t\t\t<div class=\"wcf--text\"><p>WorkHub is a social and dynamic space that enhances collaboration, innovation and progress for your company.<\/p><\/div>\t\t\t\t<\/div>\n\t\t\t\t<\/div>\n\t\t\t\t<\/div>\n\t\t\t\t\t<\/div>\n\t\t\t\t<\/div>\n\t\t<div class=\"elementor-element elementor-element-96728ca e-flex e-con-boxed e-con e-parent\" data-id=\"96728ca\" data-element_type=\"container\" data-settings=\"{&quot;wcf_enable_cursor_hover_effect_text&quot;:&quot;View&quot;,&quot;wcf-animation&quot;:&quot;none&quot;}\">\n\t\t\t\t\t<div class=\"e-con-inner\">\n\t\t\t\t<div class=\"elementor-element elementor-element-62e0848 elementor-widget elementor-widget-gallery\" data-id=\"62e0848\" data-element_type=\"widget\" data-settings=\"{&quot;overlay_title&quot;:&quot;caption&quot;,&quot;lazyload&quot;:&quot;yes&quot;,&quot;gallery_layout&quot;:&quot;grid&quot;,&quot;columns&quot;:4,&quot;columns_tablet&quot;:2,&quot;columns_mobile&quot;:1,&quot;gap&quot;:{&quot;unit&quot;:&quot;px&quot;,&quot;size&quot;:10,&quot;sizes&quot;:[]},&quot;gap_widescreen&quot;:{&quot;unit&quot;:&quot;px&quot;,&quot;size&quot;:&quot;&quot;,&quot;sizes&quot;:[]},&quot;gap_laptop&quot;:{&quot;unit&quot;:&quot;px&quot;,&quot;size&quot;:10,&quot;sizes&quot;:[]},&quot;gap_tablet_extra&quot;:{&quot;unit&quot;:&quot;px&quot;,&quot;size&quot;:10,&quot;sizes&quot;:[]},&quot;gap_tablet&quot;:{&quot;unit&quot;:&quot;px&quot;,&quot;size&quot;:10,&quot;sizes&quot;:[]},&quot;gap_mobile_extra&quot;:{&quot;unit&quot;:&quot;px&quot;,&quot;size&quot;:10,&quot;sizes&quot;:[]},&quot;gap_mobile&quot;:{&quot;unit&quot;:&quot;px&quot;,&quot;size&quot;:10,&quot;sizes&quot;:[]},&quot;link_to&quot;:&quot;file&quot;,&quot;aspect_ratio&quot;:&quot;3:2&quot;,&quot;overlay_background&quot;:&quot;yes&quot;,&quot;content_hover_animation&quot;:&quot;fade-in&quot;,&quot;wcf-animation&quot;:&quot;none&quot;}\" data-widget_type=\"gallery.default\">\n\t\t\t\t<div class=\"elementor-widget-container\">\n\t\t\t\t\t\t\t<div class=\"elementor-gallery__container\">\n\t\t\t\t\t\t\t<a class=\"e-gallery-item elementor-gallery-item elementor-animated-content\" href=\"https:\/\/workhub.co.ao\/wp-content\/uploads\/2025\/04\/IMG_5289.webp\" data-elementor-open-lightbox=\"yes\" data-elementor-lightbox-slideshow=\"62e0848\" data-elementor-lightbox-title=\"Hot Desks &amp; Mesas Fixas\" data-e-action-hash=\"#elementor-action%3Aaction%3Dlightbox%26settings%3DeyJpZCI6MTY3MjAsInVybCI6Imh0dHBzOlwvXC93b3JraHViLmNvLmFvXC93cC1jb250ZW50XC91cGxvYWRzXC8yMDI1XC8wNFwvSU1HXzUyODkud2VicCIsInNsaWRlc2hvdyI6IjYyZTA4NDgifQ%3D%3D\">\n\t\t\t\t\t<div class=\"e-gallery-image elementor-gallery-item__image\" data-thumbnail=\"https:\/\/workhub.co.ao\/wp-content\/uploads\/2025\/04\/IMG_5289.webp\" data-width=\"2000\" data-height=\"1401\" aria-label=\"\" role=\"img\" ><\/div>\n\t\t\t\t\t\t\t\t\t\t\t<div class=\"elementor-gallery-item__overlay\"><\/div>\n\t\t\t\t\t\t\t\t\t\t\t\t\t\t\t<div class=\"elementor-gallery-item__content\">\n\t\t\t\t\t\t\t\t\t\t\t\t\t\t<div class=\"elementor-gallery-item__title\">\n\t\t\t\t\t\t\t\t\t\t\t\t\t\t\t\t\t\tHot Desks &amp; Fixed Desk\t\t\t\t\t\t\t\t<\/div>\n\t\t\t\t\t\t\t\t\t\t\t\t<\/div>\n\t\t\t\t\t\t\t\t\t<\/a>\n\t\t\t\t\t\t\t<a class=\"e-gallery-item elementor-gallery-item elementor-animated-content\" href=\"https:\/\/workhub.co.ao\/wp-content\/uploads\/2025\/04\/WhatsApp-Image-2025-04-23-at-13.26.46.jpeg\" data-elementor-open-lightbox=\"yes\" data-elementor-lightbox-slideshow=\"62e0848\" data-elementor-lightbox-title=\"Sala de Reuni\u00f5es\" data-e-action-hash=\"#elementor-action%3Aaction%3Dlightbox%26settings%3DeyJpZCI6MTY4NTksInVybCI6Imh0dHBzOlwvXC93b3JraHViLmNvLmFvXC93cC1jb250ZW50XC91cGxvYWRzXC8yMDI1XC8wNFwvV2hhdHNBcHAtSW1hZ2UtMjAyNS0wNC0yMy1hdC0xMy4yNi40Ni5qcGVnIiwic2xpZGVzaG93IjoiNjJlMDg0OCJ9\">\n\t\t\t\t\t<div class=\"e-gallery-image elementor-gallery-item__image\" data-thumbnail=\"https:\/\/workhub.co.ao\/wp-content\/uploads\/2025\/04\/WhatsApp-Image-2025-04-23-at-13.26.46.jpeg\" data-width=\"1280\" data-height=\"853\" aria-label=\"\" role=\"img\" ><\/div>\n\t\t\t\t\t\t\t\t\t\t\t<div class=\"elementor-gallery-item__overlay\"><\/div>\n\t\t\t\t\t\t\t\t\t\t\t\t\t\t\t<div class=\"elementor-gallery-item__content\">\n\t\t\t\t\t\t\t\t\t\t\t\t\t\t<div class=\"elementor-gallery-item__title\">\n\t\t\t\t\t\t\t\t\t\t\t\t\t\t\t\t\t\tMeeting room\t\t\t\t\t\t\t\t<\/div>\n\t\t\t\t\t\t\t\t\t\t\t\t<\/div>\n\t\t\t\t\t\t\t\t\t<\/a>\n\t\t\t\t\t\t\t<a class=\"e-gallery-item elementor-gallery-item elementor-animated-content\" href=\"https:\/\/workhub.co.ao\/wp-content\/uploads\/2025\/04\/IMG_5289-3-1.webp\" data-elementor-open-lightbox=\"yes\" data-elementor-lightbox-slideshow=\"62e0848\" data-elementor-lightbox-title=\"Sala de Reuni\u00f5es\" data-e-action-hash=\"#elementor-action%3Aaction%3Dlightbox%26settings%3DeyJpZCI6MTY3MTQsInVybCI6Imh0dHBzOlwvXC93b3JraHViLmNvLmFvXC93cC1jb250ZW50XC91cGxvYWRzXC8yMDI1XC8wNFwvSU1HXzUyODktMy0xLndlYnAiLCJzbGlkZXNob3ciOiI2MmUwODQ4In0%3D\">\n\t\t\t\t\t<div class=\"e-gallery-image elementor-gallery-item__image\" data-thumbnail=\"https:\/\/workhub.co.ao\/wp-content\/uploads\/2025\/04\/IMG_5289-3-1.webp\" data-width=\"2000\" data-height=\"1401\" aria-label=\"\" role=\"img\" ><\/div>\n\t\t\t\t\t\t\t\t\t\t\t<div class=\"elementor-gallery-item__overlay\"><\/div>\n\t\t\t\t\t\t\t\t\t\t\t\t\t\t\t<div class=\"elementor-gallery-item__content\">\n\t\t\t\t\t\t\t\t\t\t\t\t\t\t<div class=\"elementor-gallery-item__title\">\n\t\t\t\t\t\t\t\t\t\t\t\t\t\t\t\t\t\tMeeting room\t\t\t\t\t\t\t\t<\/div>\n\t\t\t\t\t\t\t\t\t\t\t\t<\/div>\n\t\t\t\t\t\t\t\t\t<\/a>\n\t\t\t\t\t\t\t<a class=\"e-gallery-item elementor-gallery-item elementor-animated-content\" href=\"https:\/\/workhub.co.ao\/wp-content\/uploads\/2025\/04\/IMG_5289-4.webp\" data-elementor-open-lightbox=\"yes\" data-elementor-lightbox-slideshow=\"62e0848\" data-elementor-lightbox-title=\"IMG_5289-4\" data-e-action-hash=\"#elementor-action%3Aaction%3Dlightbox%26settings%3DeyJpZCI6MTY3MTYsInVybCI6Imh0dHBzOlwvXC93b3JraHViLmNvLmFvXC93cC1jb250ZW50XC91cGxvYWRzXC8yMDI1XC8wNFwvSU1HXzUyODktNC53ZWJwIiwic2xpZGVzaG93IjoiNjJlMDg0OCJ9\">\n\t\t\t\t\t<div class=\"e-gallery-image elementor-gallery-item__image\" data-thumbnail=\"https:\/\/workhub.co.ao\/wp-content\/uploads\/2025\/04\/IMG_5289-4.webp\" data-width=\"2000\" data-height=\"1401\" aria-label=\"\" role=\"img\" ><\/div>\n\t\t\t\t\t\t\t\t\t\t\t<div class=\"elementor-gallery-item__overlay\"><\/div>\n\t\t\t\t\t\t\t\t\t\t\t\t\t\t\t<div class=\"elementor-gallery-item__content\">\n\t\t\t\t\t\t\t\t\t\t\t\t\t\t<div class=\"elementor-gallery-item__title\">\n\t\t\t\t\t\t\t\t\t\t\t\t\t\t\t\t\t\tRecep\u00e7\u00e3o\t\t\t\t\t\t\t\t<\/div>\n\t\t\t\t\t\t\t\t\t\t\t\t<\/div>\n\t\t\t\t\t\t\t\t\t<\/a>\n\t\t\t\t\t\t\t<a class=\"e-gallery-item elementor-gallery-item elementor-animated-content\" href=\"https:\/\/workhub.co.ao\/wp-content\/uploads\/2025\/04\/IMG_5289-1.webp\" data-elementor-open-lightbox=\"yes\" data-elementor-lightbox-slideshow=\"62e0848\" data-elementor-lightbox-title=\"Cacifos\" data-e-action-hash=\"#elementor-action%3Aaction%3Dlightbox%26settings%3DeyJpZCI6MTY3MTksInVybCI6Imh0dHBzOlwvXC93b3JraHViLmNvLmFvXC93cC1jb250ZW50XC91cGxvYWRzXC8yMDI1XC8wNFwvSU1HXzUyODktMS53ZWJwIiwic2xpZGVzaG93IjoiNjJlMDg0OCJ9\">\n\t\t\t\t\t<div class=\"e-gallery-image elementor-gallery-item__image\" data-thumbnail=\"https:\/\/workhub.co.ao\/wp-content\/uploads\/2025\/04\/IMG_5289-1.webp\" data-width=\"2000\" data-height=\"1401\" aria-label=\"\" role=\"img\" ><\/div>\n\t\t\t\t\t\t\t\t\t\t\t<div class=\"elementor-gallery-item__overlay\"><\/div>\n\t\t\t\t\t\t\t\t\t\t\t\t\t\t\t<div class=\"elementor-gallery-item__content\">\n\t\t\t\t\t\t\t\t\t\t\t\t\t\t<div class=\"elementor-gallery-item__title\">\n\t\t\t\t\t\t\t\t\t\t\t\t\t\t\t\t\t\tCacifos\t\t\t\t\t\t\t\t<\/div>\n\t\t\t\t\t\t\t\t\t\t\t\t<\/div>\n\t\t\t\t\t\t\t\t\t<\/a>\n\t\t\t\t\t\t\t<a class=\"e-gallery-item elementor-gallery-item elementor-animated-content\" href=\"https:\/\/workhub.co.ao\/wp-content\/uploads\/2025\/04\/IMG_5319.webp\" data-elementor-open-lightbox=\"yes\" data-elementor-lightbox-slideshow=\"62e0848\" data-elementor-lightbox-title=\"Terra\u00e7o\" data-e-action-hash=\"#elementor-action%3Aaction%3Dlightbox%26settings%3DeyJpZCI6MTY3MjEsInVybCI6Imh0dHBzOlwvXC93b3JraHViLmNvLmFvXC93cC1jb250ZW50XC91cGxvYWRzXC8yMDI1XC8wNFwvSU1HXzUzMTkud2VicCIsInNsaWRlc2hvdyI6IjYyZTA4NDgifQ%3D%3D\">\n\t\t\t\t\t<div class=\"e-gallery-image elementor-gallery-item__image\" data-thumbnail=\"https:\/\/workhub.co.ao\/wp-content\/uploads\/2025\/04\/IMG_5319.webp\" data-width=\"2000\" data-height=\"1333\" aria-label=\"\" role=\"img\" ><\/div>\n\t\t\t\t\t\t\t\t\t\t\t<div class=\"elementor-gallery-item__overlay\"><\/div>\n\t\t\t\t\t\t\t\t\t\t\t\t\t\t\t<div class=\"elementor-gallery-item__content\">\n\t\t\t\t\t\t\t\t\t\t\t\t\t\t<div class=\"elementor-gallery-item__title\">\n\t\t\t\t\t\t\t\t\t\t\t\t\t\t\t\t\t\tTerrace\t\t\t\t\t\t\t\t<\/div>\n\t\t\t\t\t\t\t\t\t\t\t\t<\/div>\n\t\t\t\t\t\t\t\t\t<\/a>\n\t\t\t\t\t\t\t<a class=\"e-gallery-item elementor-gallery-item elementor-animated-content\" href=\"https:\/\/workhub.co.ao\/wp-content\/uploads\/2025\/04\/IMG_5289-3.webp\" data-elementor-open-lightbox=\"yes\" data-elementor-lightbox-slideshow=\"62e0848\" data-elementor-lightbox-title=\"Hot Desks &amp; Mesas Fixas\" data-e-action-hash=\"#elementor-action%3Aaction%3Dlightbox%26settings%3DeyJpZCI6MTY3MTcsInVybCI6Imh0dHBzOlwvXC93b3JraHViLmNvLmFvXC93cC1jb250ZW50XC91cGxvYWRzXC8yMDI1XC8wNFwvSU1HXzUyODktMy53ZWJwIiwic2xpZGVzaG93IjoiNjJlMDg0OCJ9\">\n\t\t\t\t\t<div class=\"e-gallery-image elementor-gallery-item__image\" data-thumbnail=\"https:\/\/workhub.co.ao\/wp-content\/uploads\/2025\/04\/IMG_5289-3.webp\" data-width=\"2000\" data-height=\"1401\" aria-label=\"\" role=\"img\" ><\/div>\n\t\t\t\t\t\t\t\t\t\t\t<div class=\"elementor-gallery-item__overlay\"><\/div>\n\t\t\t\t\t\t\t\t\t\t\t\t\t\t\t<div class=\"elementor-gallery-item__content\">\n\t\t\t\t\t\t\t\t\t\t\t\t\t\t<div class=\"elementor-gallery-item__title\">\n\t\t\t\t\t\t\t\t\t\t\t\t\t\t\t\t\t\tHot Desks &amp; Fixed Desk\t\t\t\t\t\t\t\t<\/div>\n\t\t\t\t\t\t\t\t\t\t\t\t<\/div>\n\t\t\t\t\t\t\t\t\t<\/a>\n\t\t\t\t\t\t\t<a class=\"e-gallery-item elementor-gallery-item elementor-animated-content\" href=\"https:\/\/workhub.co.ao\/wp-content\/uploads\/2025\/04\/WhatsApp-Image-2025-04-23-at-13.26.47.jpeg\" data-elementor-open-lightbox=\"yes\" data-elementor-lightbox-slideshow=\"62e0848\" data-elementor-lightbox-title=\"Copa Workhub\" data-e-action-hash=\"#elementor-action%3Aaction%3Dlightbox%26settings%3DeyJpZCI6MTY4NTcsInVybCI6Imh0dHBzOlwvXC93b3JraHViLmNvLmFvXC93cC1jb250ZW50XC91cGxvYWRzXC8yMDI1XC8wNFwvV2hhdHNBcHAtSW1hZ2UtMjAyNS0wNC0yMy1hdC0xMy4yNi40Ny5qcGVnIiwic2xpZGVzaG93IjoiNjJlMDg0OCJ9\">\n\t\t\t\t\t<div class=\"e-gallery-image elementor-gallery-item__image\" data-thumbnail=\"https:\/\/workhub.co.ao\/wp-content\/uploads\/2025\/04\/WhatsApp-Image-2025-04-23-at-13.26.47.jpeg\" data-width=\"1280\" data-height=\"853\" aria-label=\"\" role=\"img\" ><\/div>\n\t\t\t\t\t\t\t\t\t\t\t<div class=\"elementor-gallery-item__overlay\"><\/div>\n\t\t\t\t\t\t\t\t\t\t\t\t\t\t\t<div class=\"elementor-gallery-item__content\">\n\t\t\t\t\t\t\t\t\t\t\t\t\t\t<div class=\"elementor-gallery-item__title\">\n\t\t\t\t\t\t\t\t\t\t\t\t\t\t\t\t\t\tPantry\t\t\t\t\t\t\t\t<\/div>\n\t\t\t\t\t\t\t\t\t\t\t\t<\/div>\n\t\t\t\t\t\t\t\t\t<\/a>\n\t\t\t\t\t\t\t<a class=\"e-gallery-item elementor-gallery-item elementor-animated-content\" href=\"https:\/\/workhub.co.ao\/wp-content\/uploads\/2025\/04\/18.webp\" data-elementor-open-lightbox=\"yes\" data-elementor-lightbox-slideshow=\"62e0848\" data-elementor-lightbox-title=\"Copa Workhub\" data-e-action-hash=\"#elementor-action%3Aaction%3Dlightbox%26settings%3DeyJpZCI6MTY3MTUsInVybCI6Imh0dHBzOlwvXC93b3JraHViLmNvLmFvXC93cC1jb250ZW50XC91cGxvYWRzXC8yMDI1XC8wNFwvMTgud2VicCIsInNsaWRlc2hvdyI6IjYyZTA4NDgifQ%3D%3D\">\n\t\t\t\t\t<div class=\"e-gallery-image elementor-gallery-item__image\" data-thumbnail=\"https:\/\/workhub.co.ao\/wp-content\/uploads\/2025\/04\/18.webp\" data-width=\"2000\" data-height=\"1333\" aria-label=\"\" role=\"img\" ><\/div>\n\t\t\t\t\t\t\t\t\t\t\t<div class=\"elementor-gallery-item__overlay\"><\/div>\n\t\t\t\t\t\t\t\t\t\t\t\t\t\t\t<div class=\"elementor-gallery-item__content\">\n\t\t\t\t\t\t\t\t\t\t\t\t\t\t<div class=\"elementor-gallery-item__title\">\n\t\t\t\t\t\t\t\t\t\t\t\t\t\t\t\t\t\tPantry\t\t\t\t\t\t\t\t<\/div>\n\t\t\t\t\t\t\t\t\t\t\t\t<\/div>\n\t\t\t\t\t\t\t\t\t<\/a>\n\t\t\t\t\t\t\t<a class=\"e-gallery-item elementor-gallery-item elementor-animated-content\" href=\"https:\/\/workhub.co.ao\/wp-content\/uploads\/2025\/04\/service_C-2-1.webp\" data-elementor-open-lightbox=\"yes\" data-elementor-lightbox-slideshow=\"62e0848\" data-elementor-lightbox-title=\"Sala de Eventos\" data-e-action-hash=\"#elementor-action%3Aaction%3Dlightbox%26settings%3DeyJpZCI6MTY2ODIsInVybCI6Imh0dHBzOlwvXC93b3JraHViLmNvLmFvXC93cC1jb250ZW50XC91cGxvYWRzXC8yMDI1XC8wNFwvc2VydmljZV9DLTItMS53ZWJwIiwic2xpZGVzaG93IjoiNjJlMDg0OCJ9\">\n\t\t\t\t\t<div class=\"e-gallery-image elementor-gallery-item__image\" data-thumbnail=\"https:\/\/workhub.co.ao\/wp-content\/uploads\/2025\/04\/service_C-2-1.webp\" data-width=\"1000\" data-height=\"757\" aria-label=\"\" role=\"img\" ><\/div>\n\t\t\t\t\t\t\t\t\t\t\t<div class=\"elementor-gallery-item__overlay\"><\/div>\n\t\t\t\t\t\t\t\t\t\t\t\t\t\t\t<div class=\"elementor-gallery-item__content\">\n\t\t\t\t\t\t\t\t\t\t\t\t\t\t<div class=\"elementor-gallery-item__title\">\n\t\t\t\t\t\t\t\t\t\t\t\t\t\t\t\t\t\tEvents Room\t\t\t\t\t\t\t\t<\/div>\n\t\t\t\t\t\t\t\t\t\t\t\t<\/div>\n\t\t\t\t\t\t\t\t\t<\/a>\n\t\t\t\t\t\t\t<a class=\"e-gallery-item elementor-gallery-item elementor-animated-content\" href=\"https:\/\/workhub.co.ao\/wp-content\/uploads\/2025\/04\/WhatsApp-Image-2025-04-23-at-13.26.471.jpeg\" data-elementor-open-lightbox=\"yes\" data-elementor-lightbox-slideshow=\"62e0848\" data-elementor-lightbox-title=\"WhatsApp Image 2025-04-23 at 13.26.47(1)\" data-e-action-hash=\"#elementor-action%3Aaction%3Dlightbox%26settings%3DeyJpZCI6MTY4NTYsInVybCI6Imh0dHBzOlwvXC93b3JraHViLmNvLmFvXC93cC1jb250ZW50XC91cGxvYWRzXC8yMDI1XC8wNFwvV2hhdHNBcHAtSW1hZ2UtMjAyNS0wNC0yMy1hdC0xMy4yNi40NzEuanBlZyIsInNsaWRlc2hvdyI6IjYyZTA4NDgifQ%3D%3D\">\n\t\t\t\t\t<div class=\"e-gallery-image elementor-gallery-item__image\" data-thumbnail=\"https:\/\/workhub.co.ao\/wp-content\/uploads\/2025\/04\/WhatsApp-Image-2025-04-23-at-13.26.471.jpeg\" data-width=\"1280\" data-height=\"853\" aria-label=\"\" role=\"img\" ><\/div>\n\t\t\t\t\t\t\t\t\t\t\t<div class=\"elementor-gallery-item__overlay\"><\/div>\n\t\t\t\t\t\t\t\t\t\t\t\t\t\t\t<div class=\"elementor-gallery-item__content\">\n\t\t\t\t\t\t\t\t\t\t\t\t\t\t<div class=\"elementor-gallery-item__title\">\n\t\t\t\t\t\t\t\t\t\t\t\t\t\t\t\t\t\tPrivate Room\t\t\t\t\t\t\t\t<\/div>\n\t\t\t\t\t\t\t\t\t\t\t\t<\/div>\n\t\t\t\t\t\t\t\t\t<\/a>\n\t\t\t\t\t\t\t<a class=\"e-gallery-item elementor-gallery-item elementor-animated-content\" href=\"https:\/\/workhub.co.ao\/wp-content\/uploads\/2025\/04\/WhatsApp-Image-2025-04-23-at-13.26.472.jpeg\" data-elementor-open-lightbox=\"yes\" data-elementor-lightbox-slideshow=\"62e0848\" data-elementor-lightbox-title=\"Hot Desks &amp; Mesas Fixas\" data-e-action-hash=\"#elementor-action%3Aaction%3Dlightbox%26settings%3DeyJpZCI6MTY4NjAsInVybCI6Imh0dHBzOlwvXC93b3JraHViLmNvLmFvXC93cC1jb250ZW50XC91cGxvYWRzXC8yMDI1XC8wNFwvV2hhdHNBcHAtSW1hZ2UtMjAyNS0wNC0yMy1hdC0xMy4yNi40NzIuanBlZyIsInNsaWRlc2hvdyI6IjYyZTA4NDgifQ%3D%3D\">\n\t\t\t\t\t<div class=\"e-gallery-image elementor-gallery-item__image\" data-thumbnail=\"https:\/\/workhub.co.ao\/wp-content\/uploads\/2025\/04\/WhatsApp-Image-2025-04-23-at-13.26.472.jpeg\" data-width=\"1280\" data-height=\"853\" aria-label=\"\" role=\"img\" ><\/div>\n\t\t\t\t\t\t\t\t\t\t\t<div class=\"elementor-gallery-item__overlay\"><\/div>\n\t\t\t\t\t\t\t\t\t\t\t\t\t\t\t<div class=\"elementor-gallery-item__content\">\n\t\t\t\t\t\t\t\t\t\t\t\t\t\t<div class=\"elementor-gallery-item__title\">\n\t\t\t\t\t\t\t\t\t\t\t\t\t\t\t\t\t\tHot Desks &amp; Fixed Desk\t\t\t\t\t\t\t\t<\/div>\n\t\t\t\t\t\t\t\t\t\t\t\t<\/div>\n\t\t\t\t\t\t\t\t\t<\/a>\n\t\t\t\t\t\t\t<a class=\"e-gallery-item elementor-gallery-item elementor-animated-content\" href=\"https:\/\/workhub.co.ao\/wp-content\/uploads\/2025\/04\/hero-image-4-1-2.webp\" data-elementor-open-lightbox=\"yes\" data-elementor-lightbox-slideshow=\"62e0848\" data-elementor-lightbox-title=\"Hot Desks &amp; Mesas Fixas\" data-e-action-hash=\"#elementor-action%3Aaction%3Dlightbox%26settings%3DeyJpZCI6MTY2NTQsInVybCI6Imh0dHBzOlwvXC93b3JraHViLmNvLmFvXC93cC1jb250ZW50XC91cGxvYWRzXC8yMDI1XC8wNFwvaGVyby1pbWFnZS00LTEtMi53ZWJwIiwic2xpZGVzaG93IjoiNjJlMDg0OCJ9\">\n\t\t\t\t\t<div class=\"e-gallery-image elementor-gallery-item__image\" data-thumbnail=\"https:\/\/workhub.co.ao\/wp-content\/uploads\/2025\/04\/hero-image-4-1-2.webp\" data-width=\"1080\" data-height=\"1423\" aria-label=\"\" role=\"img\" ><\/div>\n\t\t\t\t\t\t\t\t\t\t\t<div class=\"elementor-gallery-item__overlay\"><\/div>\n\t\t\t\t\t\t\t\t\t\t\t\t\t\t\t<div class=\"elementor-gallery-item__content\">\n\t\t\t\t\t\t\t\t\t\t\t\t\t\t<div class=\"elementor-gallery-item__title\">\n\t\t\t\t\t\t\t\t\t\t\t\t\t\t\t\t\t\tHot Desks &amp; Fixed Desk\t\t\t\t\t\t\t\t<\/div>\n\t\t\t\t\t\t\t\t\t\t\t\t<\/div>\n\t\t\t\t\t\t\t\t\t<\/a>\n\t\t\t\t\t<\/div>\n\t\t\t\t\t<\/div>\n\t\t\t\t<\/div>\n\t\t\t\t\t<\/div>\n\t\t\t\t<\/div>\n\t\t\t\t<\/div>","protected":false},"excerpt":{"rendered":"<p>Workhub Galeria WorkHub \u00e9 um espa\u00e7o social e din\u00e2mico que potencializa a colabora\u00e7\u00e3o, inova\u00e7\u00e3o e o progresso da sua empresa. Hot Desks &#038; Mesas Fixas Sala de Reuni\u00f5es Sala de Reuni\u00f5es Recep\u00e7\u00e3o Cacifos Terra\u00e7o Hot Desks &#038; Mesas Fixas Copa Workhub Copa Workhub Sala de Eventos Sala Privada Hot Desks &#038; Mesas Fixas Hot Desks [&hellip;]<\/p>","protected":false},"author":1,"featured_media":0,"parent":0,"menu_order":0,"comment_status":"closed","ping_status":"closed","template":"elementor_header_footer","meta":{"footnotes":""},"class_list":["post-5128","page","type-page","status-publish","hentry"],"_links":{"self":[{"href":"https:\/\/workhub.co.ao\/en\/wp-json\/wp\/v2\/pages\/5128","targetHints":{"allow":["GET"]}}],"collection":[{"href":"https:\/\/workhub.co.ao\/en\/wp-json\/wp\/v2\/pages"}],"about":[{"href":"https:\/\/workhub.co.ao\/en\/wp-json\/wp\/v2\/types\/page"}],"author":[{"embeddable":true,"href":"https:\/\/workhub.co.ao\/en\/wp-json\/wp\/v2\/users\/1"}],"replies":[{"embeddable":true,"href":"https:\/\/workhub.co.ao\/en\/wp-json\/wp\/v2\/comments?post=5128"}],"version-history":[{"count":31,"href":"https:\/\/workhub.co.ao\/en\/wp-json\/wp\/v2\/pages\/5128\/revisions"}],"predecessor-version":[{"id":16895,"href":"https:\/\/workhub.co.ao\/en\/wp-json\/wp\/v2\/pages\/5128\/revisions\/16895"}],"wp:attachment":[{"href":"https:\/\/workhub.co.ao\/en\/wp-json\/wp\/v2\/media?parent=5128"}],"curies":[{"name":"wp","href":"https:\/\/api.w.org\/{rel}","templated":true}]}}