{"id":3404,"date":"2024-04-22T03:58:47","date_gmt":"2024-04-22T03:58:47","guid":{"rendered":"https:\/\/crowdytheme.com\/wp\/binox\/inner-pages\/?page_id=3404"},"modified":"2025-04-04T03:26:46","modified_gmt":"2025-04-04T02:26:46","slug":"faq","status":"publish","type":"page","link":"https:\/\/workhub.co.ao\/en\/faq\/","title":{"rendered":"FAQ"},"content":{"rendered":"<div data-elementor-type=\"wp-page\" data-elementor-id=\"3404\" class=\"elementor elementor-3404\" data-elementor-post-type=\"page\">\n\t\t\t\t<div class=\"elementor-element elementor-element-1c29e69 e-flex e-con-boxed e-con e-parent\" data-id=\"1c29e69\" data-element_type=\"container\" data-settings=\"{&quot;wcf_enable_cursor_hover_effect_text&quot;:&quot;View&quot;,&quot;wcf-animation&quot;:&quot;none&quot;}\">\n\t\t\t\t\t<div class=\"e-con-inner\">\n\t\t\t\t<div class=\"elementor-element elementor-element-0c08bc5 wcf-t-animation-none elementor-widget elementor-widget-wcf--title\" data-id=\"0c08bc5\" data-element_type=\"widget\" data-settings=\"{&quot;wcf-animation&quot;:&quot;fade&quot;,&quot;data-duration&quot;:0.75,&quot;fade-offset&quot;:40,&quot;wcf_text_animation&quot;:&quot;none&quot;,&quot;delay&quot;:0.15,&quot;fade-from&quot;:&quot;bottom&quot;,&quot;ease&quot;:&quot;power2.out&quot;}\" data-widget_type=\"wcf--title.default\">\n\t\t\t\t<div class=\"elementor-widget-container\">\n\t\t\t\t\t<h2 class=\"wcf--title\">Frequently Asked Questions<\/h2>\t\t\t\t<\/div>\n\t\t\t\t<\/div>\n\t\t\t\t\t<\/div>\n\t\t\t\t<\/div>\n\t\t<div class=\"elementor-element elementor-element-cfc5903 faq-accordion e-flex e-con-boxed e-con e-parent\" data-id=\"cfc5903\" data-element_type=\"container\" data-settings=\"{&quot;wcf_enable_cursor_hover_effect_text&quot;:&quot;View&quot;,&quot;wcf-animation&quot;:&quot;none&quot;}\">\n\t\t\t\t\t<div class=\"e-con-inner\">\n\t\t<div class=\"elementor-element elementor-element-da1f961 e-con-full e-flex e-con e-child\" data-id=\"da1f961\" data-element_type=\"container\" data-settings=\"{&quot;wcf_enable_cursor_hover_effect_text&quot;:&quot;View&quot;,&quot;wcf_enable_pin_area&quot;:&quot;yes&quot;,&quot;wcf-animation&quot;:&quot;none&quot;,&quot;wcf_pin_area_start&quot;:&quot;top top&quot;,&quot;wcf_pin_area_end&quot;:&quot;bottom top&quot;,&quot;wcf_pin_breakpoint&quot;:&quot;mobile&quot;}\">\n\t\t\t\t<div class=\"elementor-element elementor-element-e8e6cdb elementor-widget__width-initial elementor-widget-mobile__width-inherit wcf-t-animation-none elementor-widget elementor-widget-wcf--title\" data-id=\"e8e6cdb\" data-element_type=\"widget\" data-settings=\"{&quot;wcf-animation&quot;:&quot;fade&quot;,&quot;data-duration&quot;:0.75,&quot;fade-offset&quot;:40,&quot;wcf_text_animation&quot;:&quot;none&quot;,&quot;delay&quot;:0.15,&quot;fade-from&quot;:&quot;bottom&quot;,&quot;ease&quot;:&quot;power2.out&quot;}\" data-widget_type=\"wcf--title.default\">\n\t\t\t\t<div class=\"elementor-widget-container\">\n\t\t\t\t\t<h2 class=\"wcf--title\">Clarify your doubts with our quick answers.<\/h2>\t\t\t\t<\/div>\n\t\t\t\t<\/div>\n\t\t\t\t<\/div>\n\t\t<div class=\"elementor-element elementor-element-8344052 e-con-full e-flex e-con e-child\" data-id=\"8344052\" data-element_type=\"container\" data-settings=\"{&quot;wcf_enable_cursor_hover_effect_text&quot;:&quot;View&quot;,&quot;wcf-animation&quot;:&quot;none&quot;}\">\n\t\t\t\t<div class=\"elementor-element elementor-element-88265a4 elementor-widget elementor-widget-accordion\" data-id=\"88265a4\" data-element_type=\"widget\" data-settings=\"{&quot;wcf-animation&quot;:&quot;fade&quot;,&quot;delay&quot;:0.3,&quot;data-duration&quot;:0.75,&quot;fade-offset&quot;:40,&quot;fade-from&quot;:&quot;bottom&quot;,&quot;ease&quot;:&quot;power2.out&quot;}\" data-widget_type=\"accordion.skin-wcf-accordion\">\n\t\t\t\t<div class=\"elementor-widget-container\">\n\t\t\t\t\t        <style>\r\n            .wcf--inner--accrodion--body {\r\n                gap: 60px;\r\n                display: -webkit-box;\r\n                display: -ms-flexbox;\r\n                display: flex;\r\n                padding: 0;\r\n                padding-top: 10px;\r\n                padding-bottom: 25px;\r\n            }\r\n\r\n            .elementor-accordion-item {\r\n                overflow: hidden;\r\n                position: relative;\r\n            }\r\n\r\n\r\n        <\/style>\r\n        <div class=\"elementor-accordion\" data-active=\"yes\">\r\n\t\t\t            <div class=\"elementor-accordion-item\">\r\n                <div id=\"elementor-tab-title-1421\" class=\"elementor-tab-title\" data-active=\"yes\" data-indexkey=\"88265a4_0\"                >\r\n\t\t\t\t                    <span class=\"elementor-accordion-icon elementor-accordion-icon-right\"\r\n                          aria-hidden=\"true\">\r\n\t\t\t\t\t\t\t                                <span class=\"elementor-accordion-icon-closed\"><i class=\"binox-theme wcftheme-wcf-icon icon-wcf-plus\"><\/i><\/span>\r\n                                <span class=\"elementor-accordion-icon-opened\"><i class=\"binox-theme wcftheme-wcf-icon icon-wcf-minus\"><\/i><\/span>\r\n\t\t\t\t\t\t\t\t\t\t\t\t\t\t<\/span>\r\n\t\t\t\t                <div class=\"elementor-accordion-title\" tabindex=\"0\">\r\n\t\t\t\t\t                        <span class=\"elementor-accordion-title-icon\"><\/span>\r\n\t\t\t\t\t\t\t\t\t\tDoes the Contract Have a Minimum Term?\t\t\t\t\t                <\/div>\r\n            <\/div>\r\n            <div id=\"elementor-tab-content-1421\" class=\"elementor-tab-content elementor-clearfix\" data-active=\"yes\" data-indexkey=\"88265a4_0\">\r\n                <div class=\"wcf--inner--accrodion--body\">\r\n\t\t\t\t\t                    <div class=\"wcf--content\">Our contract has a minimum duration of 1 month, with the exception of meeting rooms and event spaces.<\/div>\r\n                <\/div>\r\n            <\/div>\r\n        <\/div>\r\n\t            <div class=\"elementor-accordion-item\">\r\n                <div id=\"elementor-tab-title-1422\" class=\"elementor-tab-title\" data-active=\"\" data-indexkey=\"88265a4_1\"                >\r\n\t\t\t\t                    <span class=\"elementor-accordion-icon elementor-accordion-icon-right\"\r\n                          aria-hidden=\"true\">\r\n\t\t\t\t\t\t\t                                <span class=\"elementor-accordion-icon-closed\"><i class=\"binox-theme wcftheme-wcf-icon icon-wcf-plus\"><\/i><\/span>\r\n                                <span class=\"elementor-accordion-icon-opened\"><i class=\"binox-theme wcftheme-wcf-icon icon-wcf-minus\"><\/i><\/span>\r\n\t\t\t\t\t\t\t\t\t\t\t\t\t\t<\/span>\r\n\t\t\t\t                <div class=\"elementor-accordion-title\" tabindex=\"0\">\r\n\t\t\t\t\t                        <span class=\"elementor-accordion-title-icon\"><\/span>\r\n\t\t\t\t\t\t\t\t\t\tWhat Services Can I Book Separately?\t\t\t\t\t                <\/div>\r\n            <\/div>\r\n            <div id=\"elementor-tab-content-1422\" class=\"elementor-tab-content elementor-clearfix\" data-active=\"\" data-indexkey=\"88265a4_1\">\r\n                <div class=\"wcf--inner--accrodion--body\">\r\n\t\t\t\t\t                    <div class=\"wcf--content\"><ul><li class=\"\" data-start=\"50\" data-end=\"101\"><p class=\"\" data-start=\"52\" data-end=\"101\">Virtual office.<\/p><\/li><li class=\"\" data-start=\"102\" data-end=\"129\"><p class=\"\" data-start=\"104\" data-end=\"129\">Registered Office Domiciliation.<\/p><\/li><li class=\"\" data-start=\"130\" data-end=\"173\"><p class=\"\" data-start=\"132\" data-end=\"173\">Meeting rooms and event space.<\/p><\/li><\/ul><\/div>\r\n                <\/div>\r\n            <\/div>\r\n        <\/div>\r\n\t            <div class=\"elementor-accordion-item\">\r\n                <div id=\"elementor-tab-title-1423\" class=\"elementor-tab-title\" data-active=\"\" data-indexkey=\"88265a4_2\"                >\r\n\t\t\t\t                    <span class=\"elementor-accordion-icon elementor-accordion-icon-right\"\r\n                          aria-hidden=\"true\">\r\n\t\t\t\t\t\t\t                                <span class=\"elementor-accordion-icon-closed\"><i class=\"binox-theme wcftheme-wcf-icon icon-wcf-plus\"><\/i><\/span>\r\n                                <span class=\"elementor-accordion-icon-opened\"><i class=\"binox-theme wcftheme-wcf-icon icon-wcf-minus\"><\/i><\/span>\r\n\t\t\t\t\t\t\t\t\t\t\t\t\t\t<\/span>\r\n\t\t\t\t                <div class=\"elementor-accordion-title\" tabindex=\"0\">\r\n\t\t\t\t\t                        <span class=\"elementor-accordion-title-icon\"><\/span>\r\n\t\t\t\t\t\t\t\t\t\tWhat is the Capacity of the Meeting Rooms?\t\t\t\t\t                <\/div>\r\n            <\/div>\r\n            <div id=\"elementor-tab-content-1423\" class=\"elementor-tab-content elementor-clearfix\" data-active=\"\" data-indexkey=\"88265a4_2\">\r\n                <div class=\"wcf--inner--accrodion--body\">\r\n\t\t\t\t\t                    <div class=\"wcf--content\"><p>Our meeting rooms can accommodate between 10 and 12 people.<\/p><\/div>\r\n                <\/div>\r\n            <\/div>\r\n        <\/div>\r\n\t            <div class=\"elementor-accordion-item\">\r\n                <div id=\"elementor-tab-title-1424\" class=\"elementor-tab-title\" data-active=\"\" data-indexkey=\"88265a4_3\"                >\r\n\t\t\t\t                    <span class=\"elementor-accordion-icon elementor-accordion-icon-right\"\r\n                          aria-hidden=\"true\">\r\n\t\t\t\t\t\t\t                                <span class=\"elementor-accordion-icon-closed\"><i class=\"binox-theme wcftheme-wcf-icon icon-wcf-plus\"><\/i><\/span>\r\n                                <span class=\"elementor-accordion-icon-opened\"><i class=\"binox-theme wcftheme-wcf-icon icon-wcf-minus\"><\/i><\/span>\r\n\t\t\t\t\t\t\t\t\t\t\t\t\t\t<\/span>\r\n\t\t\t\t                <div class=\"elementor-accordion-title\" tabindex=\"0\">\r\n\t\t\t\t\t                        <span class=\"elementor-accordion-title-icon\"><\/span>\r\n\t\t\t\t\t\t\t\t\t\tDo you offer Private Offices? \t\t\t\t\t                <\/div>\r\n            <\/div>\r\n            <div id=\"elementor-tab-content-1424\" class=\"elementor-tab-content elementor-clearfix\" data-active=\"\" data-indexkey=\"88265a4_3\">\r\n                <div class=\"wcf--inner--accrodion--body\">\r\n\t\t\t\t\t                    <div class=\"wcf--content\"><p>Yes, WorkHub offers private offices for companies that need more privacy. These offices are fully equipped with desks, chairs, file cabinets, high-speed Wi-Fi and other services to support your daily work.<\/p><\/div>\r\n                <\/div>\r\n            <\/div>\r\n        <\/div>\r\n\t            <div class=\"elementor-accordion-item\">\r\n                <div id=\"elementor-tab-title-1425\" class=\"elementor-tab-title\" data-active=\"\" data-indexkey=\"88265a4_4\"                >\r\n\t\t\t\t                    <span class=\"elementor-accordion-icon elementor-accordion-icon-right\"\r\n                          aria-hidden=\"true\">\r\n\t\t\t\t\t\t\t                                <span class=\"elementor-accordion-icon-closed\"><i class=\"binox-theme wcftheme-wcf-icon icon-wcf-plus\"><\/i><\/span>\r\n                                <span class=\"elementor-accordion-icon-opened\"><i class=\"binox-theme wcftheme-wcf-icon icon-wcf-minus\"><\/i><\/span>\r\n\t\t\t\t\t\t\t\t\t\t\t\t\t\t<\/span>\r\n\t\t\t\t                <div class=\"elementor-accordion-title\" tabindex=\"0\">\r\n\t\t\t\t\t                        <span class=\"elementor-accordion-title-icon\"><\/span>\r\n\t\t\t\t\t\t\t\t\t\tWhat&#039;s Included in a WorkHub Membership?\t\t\t\t\t                <\/div>\r\n            <\/div>\r\n            <div id=\"elementor-tab-content-1425\" class=\"elementor-tab-content elementor-clearfix\" data-active=\"\" data-indexkey=\"88265a4_4\">\r\n                <div class=\"wcf--inner--accrodion--body\">\r\n\t\t\t\t\t                    <div class=\"wcf--content\"><p class=\"\" data-start=\"49\" data-end=\"113\">All of our membership plans offer the following services:<\/p><ul data-start=\"115\" data-end=\"1242\" data-is-last-node=\"\" data-is-only-node=\"\"><li class=\"\" data-start=\"115\" data-end=\"190\"><p class=\"\" data-start=\"117\" data-end=\"190\"><strong data-start=\"117\" data-end=\"145\">High-speed Wi-Fi<\/strong> to ensure a continuous and effective connection.<\/p><\/li><li class=\"\" data-start=\"191\" data-end=\"320\"><p class=\"\" data-start=\"193\" data-end=\"320\"><strong data-start=\"193\" data-end=\"240\">Modern and comfortable workspaces<\/strong>, with ergonomic furniture suitable for your maximum comfort and productivity.<\/p><\/li><li class=\"\" data-start=\"806\" data-end=\"883\"><p class=\"\" data-start=\"808\" data-end=\"883\"><strong data-start=\"808\" data-end=\"844\">Tea and drinking water<\/strong>\u00a0to accompany your work day.<\/p><\/li><li class=\"\" data-start=\"984\" data-end=\"1098\"><p class=\"\" data-start=\"986\" data-end=\"1098\"><strong data-start=\"986\" data-end=\"1013\">Company domiciliation<\/strong>, allowing you to use our address to receive mail and packages.<\/p><\/li><\/ul><\/div>\r\n                <\/div>\r\n            <\/div>\r\n        <\/div>\r\n\t\t\t        <\/div>\r\n\t\t\t\t\t\t<\/div>\n\t\t\t\t<\/div>\n\t\t\t\t<\/div>\n\t\t\t\t\t<\/div>\n\t\t\t\t<\/div>\n\t\t\t\t<\/div>","protected":false},"excerpt":{"rendered":"<p>Perguntas Frequentes Esclare\u00e7a as suas d\u00favidas com as nossas respostas r\u00e1pidas. O Contrato Tem Prazo M\u00ednimo? O nosso contrato tem uma dura\u00e7\u00e3o m\u00ednima de 1 m\u00eas, com exce\u00e7\u00e3o das salas de reuni\u00f5es e dos espa\u00e7os para eventos. Quais Servi\u00e7os Posso Reservar Separadamente? Escrit\u00f3rio virtual. Domicilia\u00e7\u00e3o de Sede Social. Salas de reuni\u00f5es e espa\u00e7o para eventos. [&hellip;]<\/p>","protected":false},"author":1,"featured_media":0,"parent":0,"menu_order":0,"comment_status":"closed","ping_status":"closed","template":"elementor_header_footer","meta":{"footnotes":""},"class_list":["post-3404","page","type-page","status-publish","hentry"],"_links":{"self":[{"href":"https:\/\/workhub.co.ao\/en\/wp-json\/wp\/v2\/pages\/3404","targetHints":{"allow":["GET"]}}],"collection":[{"href":"https:\/\/workhub.co.ao\/en\/wp-json\/wp\/v2\/pages"}],"about":[{"href":"https:\/\/workhub.co.ao\/en\/wp-json\/wp\/v2\/types\/page"}],"author":[{"embeddable":true,"href":"https:\/\/workhub.co.ao\/en\/wp-json\/wp\/v2\/users\/1"}],"replies":[{"embeddable":true,"href":"https:\/\/workhub.co.ao\/en\/wp-json\/wp\/v2\/comments?post=3404"}],"version-history":[{"count":12,"href":"https:\/\/workhub.co.ao\/en\/wp-json\/wp\/v2\/pages\/3404\/revisions"}],"predecessor-version":[{"id":16211,"href":"https:\/\/workhub.co.ao\/en\/wp-json\/wp\/v2\/pages\/3404\/revisions\/16211"}],"wp:attachment":[{"href":"https:\/\/workhub.co.ao\/en\/wp-json\/wp\/v2\/media?parent=3404"}],"curies":[{"name":"wp","href":"https:\/\/api.w.org\/{rel}","templated":true}]}}